{"id":22241,"date":"2016-06-28T21:30:51","date_gmt":"2016-06-29T01:30:51","guid":{"rendered":"http:\/\/edmundalleyn.com\/fr\/videos\/"},"modified":"2020-11-09T14:00:59","modified_gmt":"2020-11-09T19:00:59","slug":"videos","status":"publish","type":"page","link":"https:\/\/edmundalleyn.com\/fr\/videos\/","title":{"rendered":"Vid\u00e9os"},"content":{"rendered":"<p>[vc_row row_type=\u00a0\u00bbrow\u00a0\u00bb use_row_as_full_screen_section=\u00a0\u00bbno\u00a0\u00bb type=\u00a0\u00bbfull_width\u00a0\u00bb text_align=\u00a0\u00bbleft\u00a0\u00bb css_animation=\u00a0\u00bb\u00a0\u00bb][vc_column css=\u00a0\u00bb.vc_custom_1466499995513{padding-bottom: 30px !important;}\u00a0\u00bb][vc_column_text]<\/p>\n<h2>Vid\u00e9os<\/h2>\n<p>&nbsp;<\/p>\n<h3>2016<\/h3>\n<p>[\/vc_column_text][\/vc_column][\/vc_row][vc_row row_type=\u00a0\u00bbrow\u00a0\u00bb use_row_as_full_screen_section=\u00a0\u00bbno\u00a0\u00bb type=\u00a0\u00bbfull_width\u00a0\u00bb text_align=\u00a0\u00bbleft\u00a0\u00bb css_animation=\u00a0\u00bb\u00a0\u00bb css=\u00a0\u00bb.vc_custom_1466499334324{padding-bottom: 20px !important;}\u00a0\u00bb][vc_column width=\u00a0\u00bb1\/2&Prime;][vc_column_text css=\u00a0\u00bb.vc_custom_1472498938468{padding-top: 30px !important;padding-bottom: 30px !important;}\u00a0\u00bb]<a href=\"http:\/\/www.lapresse.ca\/videos\/arts\/201605\/20\/46-1-edmund-alleyn-lexplorateur.php\/f8f6dd4da2ae457facd8bd0cd12cf873\" target=\"_blank\"><img loading=\"lazy\" decoding=\"async\" class=\"alignnone wp-image-22302\" src=\"http:\/\/edmundalleyn.com\/wp-content\/uploads\/2016\/07\/EA_tech_sans-titre_1966_acrylique-sur-toile_199x447cm-300x134.jpg\" alt=\"EA_tech_sans titre_1966_acrylique sur toile_199x447cm\" width=\"535\" height=\"239\" srcset=\"https:\/\/edmundalleyn.com\/wp-content\/uploads\/2016\/07\/EA_tech_sans-titre_1966_acrylique-sur-toile_199x447cm-300x134.jpg 300w, https:\/\/edmundalleyn.com\/wp-content\/uploads\/2016\/07\/EA_tech_sans-titre_1966_acrylique-sur-toile_199x447cm.jpg 576w\" sizes=\"auto, (max-width: 535px) 100vw, 535px\" \/><\/a>[\/vc_column_text][vc_column_text]<img loading=\"lazy\" decoding=\"async\" class=\"alignleft size-full wp-image-22217\" src=\"http:\/\/edmundalleyn.com\/wp-content\/uploads\/2016\/06\/aumac.jpg\" alt=\"aumac\" width=\"1008\" height=\"567\" srcset=\"https:\/\/edmundalleyn.com\/wp-content\/uploads\/2016\/06\/aumac.jpg 1008w, https:\/\/edmundalleyn.com\/wp-content\/uploads\/2016\/06\/aumac-300x169.jpg 300w, https:\/\/edmundalleyn.com\/wp-content\/uploads\/2016\/06\/aumac-768x432.jpg 768w, https:\/\/edmundalleyn.com\/wp-content\/uploads\/2016\/06\/aumac-700x394.jpg 700w\" sizes=\"auto, (max-width: 1008px) 100vw, 1008px\" \/>[\/vc_column_text][\/vc_column][vc_column width=\u00a0\u00bb1\/2&Prime;][vc_column_text css=\u00a0\u00bb.vc_custom_1472568845217{padding-top: 30px !important;padding-bottom: 95px !important;}\u00a0\u00bb]<\/p>\n<h3>Edmund Alleyn l&rsquo;explorateur<\/h3>\n<p>&nbsp;<\/p>\n<p>Jennifer Alleyn pr\u00e9sente la\u00a0r\u00e9trospective au Mus\u00e9e d&rsquo;art contemporain.<\/p>\n<p>&nbsp;<\/p>\n<p>Auteurs : \u00c9ric Cl\u00e9ment et Simon Giroux<br \/>\nSource : La Presse<\/p>\n<p>&nbsp;<\/p>\n<p><a href=\"http:\/\/www.lapresse.ca\/videos\/arts\/201605\/20\/46-1-edmund-alleyn-lexplorateur.php\/f8f6dd4da2ae457facd8bd0cd12cf873\" target=\"_blank\">Voir la vid\u00e9o<\/a>[\/vc_column_text][vc_column_text]<\/p>\n<h3>Visite au Mus\u00e9e d\u2019art contemporain de Montr\u00e9al\u00a0de l\u2019exposition d\u2019Edmund Alleyn en compagnie de sa fille Jennifer Alleyn.<\/h3>\n<p>&nbsp;<\/p>\n<p>Cette r\u00e9trospective intitul\u00e9e Dans mon atelier, je suis plusieurs est la premi\u00e8re depuis le d\u00e9c\u00e8s de cet artiste pluridisciplinaire ayant marqu\u00e9 l\u2019histoire de l\u2019art contemporain canadien.<\/p>\n<p>&nbsp;<\/p>\n<p>Source: La Fabrique culturelle<\/p>\n<p>&nbsp;<\/p>\n<p><a href=\"http:\/\/www.lafabriqueculturelle.tv\/capsules\/7144\/edmund-alleyn-au-mac\" target=\"_blank\">Voir la vid\u00e9o<\/a>[\/vc_column_text][\/vc_column][\/vc_row][vc_row row_type=\u00a0\u00bbrow\u00a0\u00bb use_row_as_full_screen_section=\u00a0\u00bbno\u00a0\u00bb type=\u00a0\u00bbfull_width\u00a0\u00bb text_align=\u00a0\u00bbleft\u00a0\u00bb css_animation=\u00a0\u00bb\u00a0\u00bb css=\u00a0\u00bb.vc_custom_1467100045041{padding-bottom: 30px !important;}\u00a0\u00bb][vc_column][vc_row_inner row_type=\u00a0\u00bbrow\u00a0\u00bb type=\u00a0\u00bbfull_width\u00a0\u00bb use_row_as_full_screen_section_slide=\u00a0\u00bbno\u00a0\u00bb text_align=\u00a0\u00bbleft\u00a0\u00bb css_animation=\u00a0\u00bb\u00a0\u00bb el_id=\u00a0\u00bbatelierpere\u00a0\u00bb][vc_column_inner][vc_separator type=\u00a0\u00bbnormal\u00a0\u00bb border_style=\u00a0\u00bb\u00a0\u00bb thickness=\u00a0\u00bb1&Prime; down=\u00a0\u00bb10&Prime;][vc_column_text css=\u00a0\u00bb.vc_custom_1467165655532{padding-top: 20px !important;padding-bottom: 0px !important;}\u00a0\u00bb]<\/p>\n<h3>2009<\/h3>\n<p>[\/vc_column_text][\/vc_column_inner][\/vc_row_inner][\/vc_column][\/vc_row][vc_row row_type=\u00a0\u00bbrow\u00a0\u00bb use_row_as_full_screen_section=\u00a0\u00bbno\u00a0\u00bb type=\u00a0\u00bbfull_width\u00a0\u00bb text_align=\u00a0\u00bbleft\u00a0\u00bb css_animation=\u00a0\u00bb\u00a0\u00bb css=\u00a0\u00bb.vc_custom_1467165072887{padding-bottom: 20px !important;}\u00a0\u00bb el_id=\u00a0\u00bbpere\u00a0\u00bb][vc_column width=\u00a0\u00bb1\/3&Prime; css=\u00a0\u00bb.vc_custom_1467164230075{padding-top: 7px !important;}\u00a0\u00bb][vc_column_text]<img loading=\"lazy\" decoding=\"async\" class=\"alignleft size-full wp-image-21632\" src=\"http:\/\/edmundalleyn.com\/wp-content\/uploads\/2014\/08\/atelierdemonpereAffiche-2.jpg\" alt=\"atelierdemonpereAffiche (2)\" width=\"200\" height=\"300\" \/>[\/vc_column_text][\/vc_column][vc_column width=\u00a0\u00bb2\/3&Prime;][vc_column_text]\r\n<div class=\"fve-video-wrapper fve-image-embed fve-thumbnail-image vimeo\" style=\"padding-bottom:67.777777777778%;\">\r\n    <iframe loading=\"lazy\" src=\"\/\/player.vimeo.com\/video\/29100617?portrait=0&byline=0&title=0\" width=\"100%\" height=\"100%\" frameborder=\"0\" webkitAllowFullScreen mozallowfullscreen allowFullScreen><\/iframe>    <\/div>\r\n\r\n[\/vc_column_text][\/vc_column][\/vc_row][vc_row row_type=\u00a0\u00bbrow\u00a0\u00bb use_row_as_full_screen_section=\u00a0\u00bbno\u00a0\u00bb type=\u00a0\u00bbfull_width\u00a0\u00bb text_align=\u00a0\u00bbleft\u00a0\u00bb css_animation=\u00a0\u00bb\u00a0\u00bb css=\u00a0\u00bb.vc_custom_1467100045041{padding-bottom: 30px !important;}\u00a0\u00bb][vc_column][vc_row_inner row_type=\u00a0\u00bbrow\u00a0\u00bb type=\u00a0\u00bbfull_width\u00a0\u00bb use_row_as_full_screen_section_slide=\u00a0\u00bbno\u00a0\u00bb text_align=\u00a0\u00bbleft\u00a0\u00bb css_animation=\u00a0\u00bb\u00a0\u00bb][vc_column_inner][vc_column_text]<\/p>\n<h3>L&rsquo;atelier de mon p\u00e8re, sur les traces d&rsquo;Edmund Alleyn&#8230;<\/h3>\n<p>&nbsp;<\/p>\n<p>Une r\u00e9flexion captivante sur le r\u00f4le de l&rsquo;art dans notre vie.<\/p>\n<p>&nbsp;<\/p>\n<p>Ayant h\u00e9rit\u00e9 du studio de son p\u00e8re apr\u00e8s son d\u00e9c\u00e8s, la cin\u00e9aste Jennifer Alleyn se retrouve dans l\u2019espace encore impr\u00e9gn\u00e9 de l\u2019imaginaire de l\u2019artiste. Telle une anthropologue, elle scrute le lieu et les oeuvres cherchant au-del\u00e0 de la mort, \u00e0 prolonger le dialogue, pour comprendre le parcours fascinant de ce libre-penseur ayant marqu\u00e9 l\u2019histoire de l\u2019art contemporain canadien.<\/p>\n<p>&nbsp;<\/p>\n<p>\u00ab une oeuvre de beaut\u00e9, construite avec brio, \u00e9nergie, inventivit\u00e9. \u00bb<br \/>\nMonique Proulx, \u00c9crivain<\/p>\n<p>&nbsp;<\/p>\n<p>\u00ab On d\u00e9couvre une \u00e9poque, un imaginaire puissant (\u2026) dans une \u0153uvre de r\u00e9flexion d\u2019une grande puret\u00e9 visuelle .\u00bb<br \/>\nJos\u00e9e Blanchette, Le Devoir<\/p>\n<p>&nbsp;<\/p>\n<p><strong>Disponible sur DVD en version fran\u00e7aise et anglaise.<\/strong><\/p>\n<p>&nbsp;<\/p>\n<p><span style=\"line-height: 1.5;\">Pour commander le film depuis l&rsquo;ext\u00e9rieur, veuillez vous adresser \u00e0 Jonathan Davidovics<\/span><\/p>\n<p>&nbsp;<\/p>\n<p><span style=\"line-height: 1.5;\">Tel: 514. 523-8530<\/span><\/p>\n<p>&nbsp;<\/p>\n<p><a href=\"mailto:ventes@f3m.ca\">ventes@f3m.ca<\/a><br \/>\nou visiter :<br \/>\n<a href=\"https:\/\/f3m.ca\/film\/latelier-de-pere\/\">https:\/\/f3m.ca\/film\/latelier-de-pere\/<\/a><\/p>\n<p>&nbsp;<\/p>\n<p>&nbsp;<\/p>\n<p><strong>POINTS DE VENTE ET LOCATION<\/strong><\/p>\n<p>&#8211; Librairies Renaud-Bray<br \/>\n&#8211; Boutique des mus\u00e9es (CCA)<br \/>\n&#8211; Clubs vid\u00e9o r\u00e9pertoire suivants: Boite Vid\u00e9o, Boite Noire, Club Vid\u00e9o Baubien, Vid\u00e9odrome (St-Foy), Phos (St-Lambert), Movieland (rue St-Catherine &#8211; Montr\u00e9al), la Causeuse (Montr\u00e9al)[\/vc_column_text][\/vc_column_inner][\/vc_row_inner][\/vc_column][\/vc_row][vc_row row_type=\u00a0\u00bbrow\u00a0\u00bb use_row_as_full_screen_section=\u00a0\u00bbno\u00a0\u00bb type=\u00a0\u00bbfull_width\u00a0\u00bb text_align=\u00a0\u00bbleft\u00a0\u00bb css_animation=\u00a0\u00bb\u00a0\u00bb css=\u00a0\u00bb.vc_custom_1467100045041{padding-bottom: 30px !important;}\u00a0\u00bb][vc_column][vc_row_inner row_type=\u00a0\u00bbrow\u00a0\u00bb type=\u00a0\u00bbfull_width\u00a0\u00bb use_row_as_full_screen_section_slide=\u00a0\u00bbno\u00a0\u00bb text_align=\u00a0\u00bbleft\u00a0\u00bb css_animation=\u00a0\u00bb\u00a0\u00bb][vc_column_inner][vc_column_text]<img loading=\"lazy\" decoding=\"async\" class=\"alignleft size-full wp-image-22228\" src=\"http:\/\/edmundalleyn.com\/wp-content\/uploads\/2016\/06\/bandeAtelier.jpg\" alt=\"bandeAtelier\" width=\"530\" height=\"118\" srcset=\"https:\/\/edmundalleyn.com\/wp-content\/uploads\/2016\/06\/bandeAtelier.jpg 530w, https:\/\/edmundalleyn.com\/wp-content\/uploads\/2016\/06\/bandeAtelier-300x67.jpg 300w\" sizes=\"auto, (max-width: 530px) 100vw, 530px\" \/>[\/vc_column_text][\/vc_column_inner][\/vc_row_inner][\/vc_column][\/vc_row][vc_row row_type=\u00a0\u00bbrow\u00a0\u00bb use_row_as_full_screen_section=\u00a0\u00bbno\u00a0\u00bb type=\u00a0\u00bbfull_width\u00a0\u00bb text_align=\u00a0\u00bbleft\u00a0\u00bb css_animation=\u00a0\u00bb\u00a0\u00bb css=\u00a0\u00bb.vc_custom_1467100045041{padding-bottom: 30px !important;}\u00a0\u00bb][vc_column][vc_row_inner row_type=\u00a0\u00bbrow\u00a0\u00bb type=\u00a0\u00bbfull_width\u00a0\u00bb use_row_as_full_screen_section_slide=\u00a0\u00bbno\u00a0\u00bb text_align=\u00a0\u00bbleft\u00a0\u00bb css_animation=\u00a0\u00bb\u00a0\u00bb][vc_column_inner][vc_column_text]<\/p>\n<h3>LE FILM RE\u00c7OIT UN PRIX G\u00c9MEAUX \u2026<\/h3>\n<p>&nbsp;<\/p>\n<p>L&rsquo;atelier de mon p\u00e8re, de Jennifer Alleyn, remporte le G\u00e9meaux \u00ab Meilleure biographie ou portrait \u00bb au Gala des G\u00e9meaux 2009.<\/p>\n<p>[\/vc_column_text][\/vc_column_inner][\/vc_row_inner][\/vc_column][\/vc_row]<\/p>\n","protected":false},"excerpt":{"rendered":"<p>[vc_row row_type=\u00a0\u00bbrow\u00a0\u00bb use_row_as_full_screen_section=\u00a0\u00bbno\u00a0\u00bb type=\u00a0\u00bbfull_width\u00a0\u00bb text_align=\u00a0\u00bbleft\u00a0\u00bb css_animation=\u00a0\u00bb\u00a0\u00bb][vc_column css=\u00a0\u00bb.vc_custom_1466499995513{padding-bottom: 30px !important;}\u00a0\u00bb][vc_column_text] Vid\u00e9os &nbsp; 2016 [\/vc_column_text][\/vc_column][\/vc_row][vc_row row_type=\u00a0\u00bbrow\u00a0\u00bb use_row_as_full_screen_section=\u00a0\u00bbno\u00a0\u00bb type=\u00a0\u00bbfull_width\u00a0\u00bb text_align=\u00a0\u00bbleft\u00a0\u00bb css_animation=\u00a0\u00bb\u00a0\u00bb css=\u00a0\u00bb.vc_custom_1466499334324{padding-bottom: 20px !important;}\u00a0\u00bb][vc_column width=\u00a0\u00bb1\/2&Prime;][vc_column_text css=\u00a0\u00bb.vc_custom_1472498938468{padding-top: 30px !important;padding-bottom: 30px !important;}\u00a0\u00bb][\/vc_column_text][vc_column_text][\/vc_column_text][\/vc_column][vc_column width=\u00a0\u00bb1\/2&Prime;][vc_column_text css=\u00a0\u00bb.vc_custom_1472568845217{padding-top: 30px !important;padding-bottom: 95px !important;}\u00a0\u00bb] Edmund Alleyn l&rsquo;explorateur &nbsp; Jennifer Alleyn pr\u00e9sente la\u00a0r\u00e9trospective au Mus\u00e9e d&rsquo;art contemporain&#8230;.<\/p>\n","protected":false},"author":1,"featured_media":0,"parent":0,"menu_order":7,"comment_status":"closed","ping_status":"closed","template":"","meta":{"footnotes":""},"class_list":["post-22241","page","type-page","status-publish","hentry"],"_links":{"self":[{"href":"https:\/\/edmundalleyn.com\/fr\/wp-json\/wp\/v2\/pages\/22241","targetHints":{"allow":["GET"]}}],"collection":[{"href":"https:\/\/edmundalleyn.com\/fr\/wp-json\/wp\/v2\/pages"}],"about":[{"href":"https:\/\/edmundalleyn.com\/fr\/wp-json\/wp\/v2\/types\/page"}],"author":[{"embeddable":true,"href":"https:\/\/edmundalleyn.com\/fr\/wp-json\/wp\/v2\/users\/1"}],"replies":[{"embeddable":true,"href":"https:\/\/edmundalleyn.com\/fr\/wp-json\/wp\/v2\/comments?post=22241"}],"version-history":[{"count":21,"href":"https:\/\/edmundalleyn.com\/fr\/wp-json\/wp\/v2\/pages\/22241\/revisions"}],"predecessor-version":[{"id":22956,"href":"https:\/\/edmundalleyn.com\/fr\/wp-json\/wp\/v2\/pages\/22241\/revisions\/22956"}],"wp:attachment":[{"href":"https:\/\/edmundalleyn.com\/fr\/wp-json\/wp\/v2\/media?parent=22241"}],"curies":[{"name":"wp","href":"https:\/\/api.w.org\/{rel}","templated":true}]}}