{"id":21733,"date":"2016-06-21T08:23:54","date_gmt":"2016-06-21T12:23:54","guid":{"rendered":"http:\/\/edmundalleyn.com\/fr\/representation\/"},"modified":"2016-06-21T08:34:25","modified_gmt":"2016-06-21T12:34:25","slug":"representation","status":"publish","type":"page","link":"https:\/\/edmundalleyn.com\/fr\/representation\/","title":{"rendered":"Repr\u00e9sentation"},"content":{"rendered":"<p>[vc_row row_type=\u00a0\u00bbrow\u00a0\u00bb use_row_as_full_screen_section=\u00a0\u00bbno\u00a0\u00bb type=\u00a0\u00bbfull_width\u00a0\u00bb text_align=\u00a0\u00bbleft\u00a0\u00bb css_animation=\u00a0\u00bb\u00a0\u00bb][vc_column css=\u00a0\u00bb.vc_custom_1466499995513{padding-bottom: 30px !important;}\u00a0\u00bb][vc_column_text]<\/p>\n<h2>Repr\u00e9sentation<\/h2>\n<p>[\/vc_column_text][\/vc_column][\/vc_row][vc_row row_type=\u00a0\u00bbrow\u00a0\u00bb use_row_as_full_screen_section=\u00a0\u00bbno\u00a0\u00bb type=\u00a0\u00bbfull_width\u00a0\u00bb text_align=\u00a0\u00bbleft\u00a0\u00bb css_animation=\u00a0\u00bb\u00a0\u00bb css=\u00a0\u00bb.vc_custom_1466499334324{padding-bottom: 20px !important;}\u00a0\u00bb][vc_column width=\u00a0\u00bb1\/3&Prime;][vc_column_text css=\u00a0\u00bb.vc_custom_1466512386908{padding-bottom: 16px !important;}\u00a0\u00bb]La s\u00e9rie Indigo est repr\u00e9sent\u00e9e par la Galerie Simon Blais, \u00e0 Montr\u00e9al.<\/p>\n<p><a href=\"http:\/\/www.galeriesimonblais.com\/fr\/coordonnees\" target=\"_blank\">http:\/\/www.galeriesimonblais.com\/fr\/coordonnees<\/a>[\/vc_column_text][vc_column_text css=\u00a0\u00bb.vc_custom_1466511978764{padding-bottom: 20px !important;}\u00a0\u00bb]5420, boulevard Saint-Laurent, local 100<br \/>\nMontr\u00e9al (Qu\u00e9bec) Canada H2T 1S1<\/p>\n<p>&nbsp;<\/p>\n<p>T\u00e9l\u00e9phone : 514 849-1165<\/p>\n<p>&nbsp;<\/p>\n<p><a href=\"mailto:info@galeriesimonblais.com\">info@galeriesimonblais.com\u00a0<\/a><\/p>\n<p>[\/vc_column_text][vc_column_text css=\u00a0\u00bb.vc_custom_1466512461333{padding-bottom: 20px !important;}\u00a0\u00bb]Pour toute autre question, <a href=\"http:\/\/edmundalleyn.com\/fr\/nous-contacter\/\">contacter Jennifer Alleyn<\/a>[\/vc_column_text][\/vc_column][vc_column width=\u00a0\u00bb2\/3&Prime;][vc_gmaps link=\u00a0\u00bb#E-8_JTNDaWZyYW1lJTIwc3JjJTNEJTIyaHR0cHMlM0ElMkYlMkZ3d3cuZ29vZ2xlLmNvbSUyRm1hcHMlMkZlbWJlZCUzRnBiJTNEJTIxMW0xOCUyMTFtMTIlMjExbTMlMjExZDI3OTUuMjUyOTA2Mzc5MzYlMjEyZC03My42MDAwNzg1NDgzNjQzNCUyMTNkNDUuNTI1MTE1OTc4OTk5MTA0JTIxMm0zJTIxMWYwJTIxMmYwJTIxM2YwJTIxM20yJTIxMWkxMDI0JTIxMmk3NjglMjE0ZjEzLjElMjEzbTMlMjExbTIlMjExczB4NGNjOTE5N2MxYTVkMzkzYiUyNTNBMHg2Y2I3N2RlODNlMTNjYzNkJTIxMnM1NDIwJTJCQm91bCUyQlN0LUxhdXJlbnQlMjUyQyUyQk1vbnRyJTI1QzMlMjVBOWFsJTI1MkMlMkJRQyUyQkgyVCUyQjFTMSUyMTVlMCUyMTNtMiUyMTFzZW4lMjEyc2NhJTIxNHYxNDY2NTEyMTg2NDM3JTIyJTIwd2lkdGglM0QlMjI2MDAlMjIlMjBoZWlnaHQlM0QlMjI0NTAlMjIlMjBmcmFtZWJvcmRlciUzRCUyMjAlMjIlMjBzdHlsZSUzRCUyMmJvcmRlciUzQTAlMjIlMjBhbGxvd2Z1bGxzY3JlZW4lM0UlM0MlMkZpZnJhbWUlM0U=\u00a0\u00bb][\/vc_column][\/vc_row]<\/p>\n","protected":false},"excerpt":{"rendered":"<p>[vc_row row_type=\u00a0\u00bbrow\u00a0\u00bb use_row_as_full_screen_section=\u00a0\u00bbno\u00a0\u00bb type=\u00a0\u00bbfull_width\u00a0\u00bb text_align=\u00a0\u00bbleft\u00a0\u00bb css_animation=\u00a0\u00bb\u00a0\u00bb][vc_column css=\u00a0\u00bb.vc_custom_1466499995513{padding-bottom: 30px !important;}\u00a0\u00bb][vc_column_text] Repr\u00e9sentation [\/vc_column_text][\/vc_column][\/vc_row][vc_row row_type=\u00a0\u00bbrow\u00a0\u00bb use_row_as_full_screen_section=\u00a0\u00bbno\u00a0\u00bb type=\u00a0\u00bbfull_width\u00a0\u00bb text_align=\u00a0\u00bbleft\u00a0\u00bb css_animation=\u00a0\u00bb\u00a0\u00bb css=\u00a0\u00bb.vc_custom_1466499334324{padding-bottom: 20px !important;}\u00a0\u00bb][vc_column width=\u00a0\u00bb1\/3&Prime;][vc_column_text css=\u00a0\u00bb.vc_custom_1466512386908{padding-bottom: 16px !important;}\u00a0\u00bb]La s\u00e9rie Indigo est repr\u00e9sent\u00e9e par la Galerie Simon Blais, \u00e0 Montr\u00e9al. http:\/\/www.galeriesimonblais.com\/fr\/coordonnees[\/vc_column_text][vc_column_text css=\u00a0\u00bb.vc_custom_1466511978764{padding-bottom: 20px !important;}\u00a0\u00bb]5420, boulevard Saint-Laurent, local 100 Montr\u00e9al (Qu\u00e9bec) Canada&#8230;<\/p>\n","protected":false},"author":1,"featured_media":0,"parent":0,"menu_order":56,"comment_status":"closed","ping_status":"closed","template":"","meta":{"footnotes":""},"class_list":["post-21733","page","type-page","status-publish","hentry"],"_links":{"self":[{"href":"https:\/\/edmundalleyn.com\/fr\/wp-json\/wp\/v2\/pages\/21733","targetHints":{"allow":["GET"]}}],"collection":[{"href":"https:\/\/edmundalleyn.com\/fr\/wp-json\/wp\/v2\/pages"}],"about":[{"href":"https:\/\/edmundalleyn.com\/fr\/wp-json\/wp\/v2\/types\/page"}],"author":[{"embeddable":true,"href":"https:\/\/edmundalleyn.com\/fr\/wp-json\/wp\/v2\/users\/1"}],"replies":[{"embeddable":true,"href":"https:\/\/edmundalleyn.com\/fr\/wp-json\/wp\/v2\/comments?post=21733"}],"version-history":[{"count":2,"href":"https:\/\/edmundalleyn.com\/fr\/wp-json\/wp\/v2\/pages\/21733\/revisions"}],"predecessor-version":[{"id":21735,"href":"https:\/\/edmundalleyn.com\/fr\/wp-json\/wp\/v2\/pages\/21733\/revisions\/21735"}],"wp:attachment":[{"href":"https:\/\/edmundalleyn.com\/fr\/wp-json\/wp\/v2\/media?parent=21733"}],"curies":[{"name":"wp","href":"https:\/\/api.w.org\/{rel}","templated":true}]}}