{"id":21701,"date":"2016-06-21T04:20:26","date_gmt":"2016-06-21T08:20:26","guid":{"rendered":"http:\/\/edmundalleyn.com\/fr\/filmography\/"},"modified":"2016-06-21T07:41:22","modified_gmt":"2016-06-21T11:41:22","slug":"filmographie","status":"publish","type":"page","link":"https:\/\/edmundalleyn.com\/fr\/filmographie\/","title":{"rendered":"Filmographie"},"content":{"rendered":"<p>[vc_row row_type=\u00a0\u00bbrow\u00a0\u00bb use_row_as_full_screen_section=\u00a0\u00bbno\u00a0\u00bb type=\u00a0\u00bbfull_width\u00a0\u00bb text_align=\u00a0\u00bbleft\u00a0\u00bb css_animation=\u00a0\u00bb\u00a0\u00bb][vc_column css=\u00a0\u00bb.vc_custom_1466499995513{padding-bottom: 30px !important;}\u00a0\u00bb][vc_column_text]<\/p>\n<h2>Filmographie<\/h2>\n<p>[\/vc_column_text][\/vc_column][\/vc_row][vc_row row_type=\u00a0\u00bbrow\u00a0\u00bb use_row_as_full_screen_section=\u00a0\u00bbno\u00a0\u00bb type=\u00a0\u00bbfull_width\u00a0\u00bb text_align=\u00a0\u00bbleft\u00a0\u00bb css_animation=\u00a0\u00bb\u00a0\u00bb css=\u00a0\u00bb.vc_custom_1466499334324{padding-bottom: 20px !important;}\u00a0\u00bb][vc_column][vc_column_text]<\/p>\n<h3>Filmographie<\/h3>\n<p>[\/vc_column_text][vc_separator type=\u00a0\u00bbnormal\u00a0\u00bb border_style=\u00a0\u00bb\u00a0\u00bb thickness=\u00a0\u00bb1&Prime; down=\u00a0\u00bb10&Prime;][vc_column_text css=\u00a0\u00bb.vc_custom_1466508870410{padding-bottom: 40px !important;}\u00a0\u00bb]Alias , film couleur, 16 mm, 10 min ; r\u00e9alisation et production : Edmund Alleyn, 1969.[\/vc_column_text][vc_column_text]<\/p>\n<h3>Films sur Edmund Alleyn<\/h3>\n<p>[\/vc_column_text][vc_separator type=\u00a0\u00bbnormal\u00a0\u00bb border_style=\u00a0\u00bb\u00a0\u00bb thickness=\u00a0\u00bb1&Prime; down=\u00a0\u00bb10&Prime;][vc_column_text css=\u00a0\u00bb.vc_custom_1466509256359{padding-bottom: 40px !important;}\u00a0\u00bb]A few lost words, short film essay by Jennifer Alleyn, Les Films de Jennie, HD, 16 min. 2012.<\/p>\n<p>L&rsquo;Atelier de mon p\u00e8re, un film de Jennifer Alleyn, 75 min. Amazone films 2008.<\/p>\n<p>Entre toi et moi, entretien, r\u00e9alis\u00e9 par Jennifer Alleyn, Les films de Jennie, 2001.<\/p>\n<p>Imaginer le rien, un film de Jennifer Alleyn, 8 min. Les films de l&rsquo;autre, 2001.<\/p>\n<p>Les horizons d&rsquo;attente, r\u00e9flexion sur la peinture, 15 min. Mus\u00e9e National des Beaux-arts du Qu\u00e9bec, 1995.<\/p>\n<p>L&rsquo;introscaphe, un film de Charles Chaboud, 10 min. Archives nationale du Qu\u00e9bec. 1971,[\/vc_column_text][vc_column_text]<\/p>\n<h3>Entretiens<\/h3>\n<p>[\/vc_column_text][vc_separator type=\u00a0\u00bbnormal\u00a0\u00bb border_style=\u00a0\u00bb\u00a0\u00bb thickness=\u00a0\u00bb1&Prime; down=\u00a0\u00bb10&Prime;][vc_column_text]Entretien t\u00e9l\u00e9visuel d&rsquo;Edmund Alleyn avec Judith Jasmin dans le cadre de l&rsquo;\u00e9mission Carrefour, Diffus\u00e9 \u00e0 la television de Radio-Canada, le 2 mai 1957.<\/p>\n<p>Entretien d&rsquo;Edmund Alleyn avec Ren\u00e9e Larochelle, dnas le cadre de l&rsquo;\u00e9mission Aujourd&rsquo;hui, diffus\u00e9e \u00e0 la television de Radio-Canada, le 16 novembre 1967.<\/p>\n<p>Entretien d&rsquo;Edmund Alleyn avec Denys Morrisset, dans le cadre de l&rsquo;\u00e9mission Femme d&rsquo;aujourd&rsquo;hui, diffus\u00e9e \u00e0 la television de Radio-Canada, le 11 avril 1968.<\/p>\n<p>Entretien d&rsquo;Edmund Alleyn avec France Renaud, Claude De Guise et Ronald Richard, enregistr\u00e9 \u00e0 l&rsquo;Institut d&rsquo;art contemporain, Montr\u00e9al, le 24 mars 1975.<\/p>\n<p>Entretien radiophonique d&rsquo;Edmund Alleyn avec Guy Robert dans le cadre de la s\u00e9rie Un artiste et son milieu , diffus\u00e9e \u00e0 la radio de Radio-Canada, le 14 juin 1976.<\/p>\n<p>Entretien radiophonique d&rsquo;Edmund Alleyn avec Gilles H\u00e9nault, dans le cadre de l&rsquo;\u00e9mission L&rsquo;Atelier , diffus\u00e9e \u00e0 la radio de Radio-Canada, le 14 juillet 1981.<\/p>\n<p>Entretien d&rsquo;Edmund Alleyn avec Patrice Roy, dans le cadre de l&rsquo;\u00e9mission Enjeux, diffus\u00e9e \u00e0 la radio de Radio-Canada, le 18 d\u00e9cembre 1990.<\/p>\n<p>S \u00e9rie in\u00e9dite de onze entretiens d&rsquo;Edmund Alleyn avec Gilles Lapointe r\u00e9alis\u00e9s chez l&rsquo;artiste, rue Clark \u00e0 Montr\u00e9al, entre le 29 mai et le 21 novembre 2004.[\/vc_column_text][\/vc_column][\/vc_row]<\/p>\n","protected":false},"excerpt":{"rendered":"<p>[vc_row row_type=\u00a0\u00bbrow\u00a0\u00bb use_row_as_full_screen_section=\u00a0\u00bbno\u00a0\u00bb type=\u00a0\u00bbfull_width\u00a0\u00bb text_align=\u00a0\u00bbleft\u00a0\u00bb css_animation=\u00a0\u00bb\u00a0\u00bb][vc_column css=\u00a0\u00bb.vc_custom_1466499995513{padding-bottom: 30px !important;}\u00a0\u00bb][vc_column_text] Filmographie [\/vc_column_text][\/vc_column][\/vc_row][vc_row row_type=\u00a0\u00bbrow\u00a0\u00bb use_row_as_full_screen_section=\u00a0\u00bbno\u00a0\u00bb type=\u00a0\u00bbfull_width\u00a0\u00bb text_align=\u00a0\u00bbleft\u00a0\u00bb css_animation=\u00a0\u00bb\u00a0\u00bb css=\u00a0\u00bb.vc_custom_1466499334324{padding-bottom: 20px !important;}\u00a0\u00bb][vc_column][vc_column_text] Filmographie [\/vc_column_text][vc_separator type=\u00a0\u00bbnormal\u00a0\u00bb border_style=\u00a0\u00bb\u00a0\u00bb thickness=\u00a0\u00bb1&Prime; down=\u00a0\u00bb10&Prime;][vc_column_text css=\u00a0\u00bb.vc_custom_1466508870410{padding-bottom: 40px !important;}\u00a0\u00bb]Alias , film couleur, 16 mm, 10 min ; r\u00e9alisation et production : Edmund Alleyn, 1969.[\/vc_column_text][vc_column_text] Films sur&#8230;<\/p>\n","protected":false},"author":1,"featured_media":0,"parent":0,"menu_order":34,"comment_status":"closed","ping_status":"closed","template":"","meta":{"footnotes":""},"class_list":["post-21701","page","type-page","status-publish","hentry"],"_links":{"self":[{"href":"https:\/\/edmundalleyn.com\/fr\/wp-json\/wp\/v2\/pages\/21701","targetHints":{"allow":["GET"]}}],"collection":[{"href":"https:\/\/edmundalleyn.com\/fr\/wp-json\/wp\/v2\/pages"}],"about":[{"href":"https:\/\/edmundalleyn.com\/fr\/wp-json\/wp\/v2\/types\/page"}],"author":[{"embeddable":true,"href":"https:\/\/edmundalleyn.com\/fr\/wp-json\/wp\/v2\/users\/1"}],"replies":[{"embeddable":true,"href":"https:\/\/edmundalleyn.com\/fr\/wp-json\/wp\/v2\/comments?post=21701"}],"version-history":[{"count":4,"href":"https:\/\/edmundalleyn.com\/fr\/wp-json\/wp\/v2\/pages\/21701\/revisions"}],"predecessor-version":[{"id":21706,"href":"https:\/\/edmundalleyn.com\/fr\/wp-json\/wp\/v2\/pages\/21701\/revisions\/21706"}],"wp:attachment":[{"href":"https:\/\/edmundalleyn.com\/fr\/wp-json\/wp\/v2\/media?parent=21701"}],"curies":[{"name":"wp","href":"https:\/\/api.w.org\/{rel}","templated":true}]}}