{"id":21686,"date":"2016-06-21T04:17:22","date_gmt":"2016-06-21T08:17:22","guid":{"rendered":"http:\/\/edmundalleyn.com\/fr\/collections\/"},"modified":"2016-06-21T06:59:11","modified_gmt":"2016-06-21T10:59:11","slug":"collections","status":"publish","type":"page","link":"https:\/\/edmundalleyn.com\/fr\/collections\/","title":{"rendered":"Collections"},"content":{"rendered":"<p>[vc_row row_type=\u00a0\u00bbrow\u00a0\u00bb use_row_as_full_screen_section=\u00a0\u00bbno\u00a0\u00bb type=\u00a0\u00bbfull_width\u00a0\u00bb text_align=\u00a0\u00bbleft\u00a0\u00bb css_animation=\u00a0\u00bb\u00a0\u00bb][vc_column css=\u00a0\u00bb.vc_custom_1466499995513{padding-bottom: 30px !important;}\u00a0\u00bb][vc_column_text]<\/p>\n<h2>Collections<\/h2>\n<p>[\/vc_column_text][\/vc_column][\/vc_row][vc_row row_type=\u00a0\u00bbrow\u00a0\u00bb use_row_as_full_screen_section=\u00a0\u00bbno\u00a0\u00bb type=\u00a0\u00bbfull_width\u00a0\u00bb text_align=\u00a0\u00bbleft\u00a0\u00bb css_animation=\u00a0\u00bb\u00a0\u00bb css=\u00a0\u00bb.vc_custom_1466499334324{padding-bottom: 20px !important;}\u00a0\u00bb][vc_column][vc_column_text]<\/p>\n<h3>Collections publiques<\/h3>\n<p>[\/vc_column_text][vc_separator type=\u00a0\u00bbnormal\u00a0\u00bb border_style=\u00a0\u00bb\u00a0\u00bb thickness=\u00a0\u00bb1&Prime; down=\u00a0\u00bb10&Prime;][vc_column_text css=\u00a0\u00bb.vc_custom_1466506621069{padding-bottom: 40px !important;}\u00a0\u00bb]Mus\u00e9e des Beaux-Arts de Montr\u00e9al<br \/>\nNational Gallery Of Canada<br \/>\nMus\u00e9e d\u2019art Contemporain de Montr\u00e9al<br \/>\nMus\u00e9e national des Beaux-Arts du Qu\u00e9bec<br \/>\nArt Gallery of Ontario<br \/>\nBanque des Arts du Canada<br \/>\nGalerie de l\u2019Uqam<br \/>\nBanque Nationale<br \/>\nLoto-Qu\u00e9bec<br \/>\nHydro-Qu\u00e9bec<br \/>\nSnc-Lavalin<br \/>\nPower Corporation<br \/>\nCollection Firestone<br \/>\nCaisse de D\u00e9p\u00f4t et Placements du Qu\u00e9bec<br \/>\nMouvement des Caisses Populaires Desjardins<br \/>\nMus\u00e9e d\u2019art de Joliette<br \/>\nMus\u00e9e des Beaux-Arts de Sherbrooke<br \/>\nMus\u00e9e de Rimouski<br \/>\nMus\u00e9e d\u2019art Moderne de la Ville de Paris<br \/>\nMus\u00e9e de Lachine<br \/>\nOttawa Art Gallery[\/vc_column_text][\/vc_column][\/vc_row]<\/p>\n","protected":false},"excerpt":{"rendered":"<p>[vc_row row_type=\u00a0\u00bbrow\u00a0\u00bb use_row_as_full_screen_section=\u00a0\u00bbno\u00a0\u00bb type=\u00a0\u00bbfull_width\u00a0\u00bb text_align=\u00a0\u00bbleft\u00a0\u00bb css_animation=\u00a0\u00bb\u00a0\u00bb][vc_column css=\u00a0\u00bb.vc_custom_1466499995513{padding-bottom: 30px !important;}\u00a0\u00bb][vc_column_text] Collections [\/vc_column_text][\/vc_column][\/vc_row][vc_row row_type=\u00a0\u00bbrow\u00a0\u00bb use_row_as_full_screen_section=\u00a0\u00bbno\u00a0\u00bb type=\u00a0\u00bbfull_width\u00a0\u00bb text_align=\u00a0\u00bbleft\u00a0\u00bb css_animation=\u00a0\u00bb\u00a0\u00bb css=\u00a0\u00bb.vc_custom_1466499334324{padding-bottom: 20px !important;}\u00a0\u00bb][vc_column][vc_column_text] Collections publiques [\/vc_column_text][vc_separator type=\u00a0\u00bbnormal\u00a0\u00bb border_style=\u00a0\u00bb\u00a0\u00bb thickness=\u00a0\u00bb1&Prime; down=\u00a0\u00bb10&Prime;][vc_column_text css=\u00a0\u00bb.vc_custom_1466506621069{padding-bottom: 40px !important;}\u00a0\u00bb]Mus\u00e9e des Beaux-Arts de Montr\u00e9al National Gallery Of Canada Mus\u00e9e d\u2019art Contemporain de Montr\u00e9al Mus\u00e9e national des&#8230;<\/p>\n","protected":false},"author":1,"featured_media":0,"parent":0,"menu_order":23,"comment_status":"closed","ping_status":"closed","template":"","meta":{"footnotes":""},"class_list":["post-21686","page","type-page","status-publish","hentry"],"_links":{"self":[{"href":"https:\/\/edmundalleyn.com\/fr\/wp-json\/wp\/v2\/pages\/21686","targetHints":{"allow":["GET"]}}],"collection":[{"href":"https:\/\/edmundalleyn.com\/fr\/wp-json\/wp\/v2\/pages"}],"about":[{"href":"https:\/\/edmundalleyn.com\/fr\/wp-json\/wp\/v2\/types\/page"}],"author":[{"embeddable":true,"href":"https:\/\/edmundalleyn.com\/fr\/wp-json\/wp\/v2\/users\/1"}],"replies":[{"embeddable":true,"href":"https:\/\/edmundalleyn.com\/fr\/wp-json\/wp\/v2\/comments?post=21686"}],"version-history":[{"count":1,"href":"https:\/\/edmundalleyn.com\/fr\/wp-json\/wp\/v2\/pages\/21686\/revisions"}],"predecessor-version":[{"id":21687,"href":"https:\/\/edmundalleyn.com\/fr\/wp-json\/wp\/v2\/pages\/21686\/revisions\/21687"}],"wp:attachment":[{"href":"https:\/\/edmundalleyn.com\/fr\/wp-json\/wp\/v2\/media?parent=21686"}],"curies":[{"name":"wp","href":"https:\/\/api.w.org\/{rel}","templated":true}]}}