{"id":21721,"date":"2016-06-21T04:22:04","date_gmt":"2016-06-21T08:22:04","guid":{"rendered":"http:\/\/edmundalleyn.com\/fr\/previous-newsletters\/"},"modified":"2016-06-30T09:29:31","modified_gmt":"2016-06-30T13:29:31","slug":"infolettre","status":"publish","type":"page","link":"http:\/\/edmundalleyn.com\/fr\/infolettre\/","title":{"rendered":"Infolettre"},"content":{"rendered":"<p>[vc_row row_type=\u00a0\u00bbrow\u00a0\u00bb use_row_as_full_screen_section=\u00a0\u00bbno\u00a0\u00bb type=\u00a0\u00bbfull_width\u00a0\u00bb text_align=\u00a0\u00bbleft\u00a0\u00bb css_animation=\u00a0\u00bb\u00a0\u00bb][vc_column css=\u00a0\u00bb.vc_custom_1466499995513{padding-bottom: 30px !important;}\u00a0\u00bb][vc_column_text]<\/p>\n<h2>Infolettre<\/h2>\n<p>[\/vc_column_text][\/vc_column][\/vc_row][vc_row row_type=\u00a0\u00bbrow\u00a0\u00bb use_row_as_full_screen_section=\u00a0\u00bbno\u00a0\u00bb type=\u00a0\u00bbfull_width\u00a0\u00bb text_align=\u00a0\u00bbleft\u00a0\u00bb css_animation=\u00a0\u00bb\u00a0\u00bb css=\u00a0\u00bb.vc_custom_1466499334324{padding-bottom: 20px !important;}\u00a0\u00bb][vc_column][vc_column_text]<\/p>\n<h3>Recevoir les nouvelles d&rsquo;Edmund Alleyn :<\/h3>\n<p>[\/vc_column_text][vc_separator type=\u00a0\u00bbnormal\u00a0\u00bb border_style=\u00a0\u00bb\u00a0\u00bb thickness=\u00a0\u00bb1&Prime; down=\u00a0\u00bb10&Prime;][vc_raw_js]JTNDJTIxLS0lMjBCZWdpbiUyME1haWxDaGltcCUyMFNpZ251cCUyMEZvcm0lMjAtLSUzRSUwQSUzQ2xpbmslMjBocmVmJTNEJTIyJTJGJTJGY2RuLWltYWdlcy5tYWlsY2hpbXAuY29tJTJGZW1iZWRjb2RlJTJGY2xhc3NpYy0xMF83LmNzcyUyMiUyMHJlbCUzRCUyMnN0eWxlc2hlZXQlMjIlMjB0eXBlJTNEJTIydGV4dCUyRmNzcyUyMiUzRSUwQSUzQ3N0eWxlJTIwdHlwZSUzRCUyMnRleHQlMkZjc3MlMjIlM0UlMEElMDklMjNtY19lbWJlZF9zaWdudXAlN0JiYWNrZ3JvdW5kJTNBJTIzZmZmJTNCJTIwY2xlYXIlM0FsZWZ0JTNCJTIwZm9udCUzQTE0cHglMjBIZWx2ZXRpY2ElMkNBcmlhbCUyQ3NhbnMtc2VyaWYlM0IlMjAlMjB3aWR0aCUzQTEwMCUyNSUzQiUyMG1heC13aWR0aCUzQTQwMHB4JTNCJTdEJTBBJTA5JTJGJTJBJTIwQWRkJTIweW91ciUyMG93biUyME1haWxDaGltcCUyMGZvcm0lMjBzdHlsZSUyMG92ZXJyaWRlcyUyMGluJTIweW91ciUyMHNpdGUlMjBzdHlsZXNoZWV0JTIwb3IlMjBpbiUyMHRoaXMlMjBzdHlsZSUyMGJsb2NrLiUwQSUwOSUyMCUyMCUyMFdlJTIwcmVjb21tZW5kJTIwbW92aW5nJTIwdGhpcyUyMGJsb2NrJTIwYW5kJTIwdGhlJTIwcHJlY2VkaW5nJTIwQ1NTJTIwbGluayUyMHRvJTIwdGhlJTIwSEVBRCUyMG9mJTIweW91ciUyMEhUTUwlMjBmaWxlLiUyMCUyQSUyRiUwQSUzQyUyRnN0eWxlJTNFJTBBJTNDZGl2JTIwaWQlM0QlMjJtY19lbWJlZF9zaWdudXAlMjIlM0UlMEElM0Nmb3JtJTIwYWN0aW9uJTNEJTIyJTJGJTJGZWRtdW5kYWxsZXluLnVzMTMubGlzdC1tYW5hZ2UuY29tJTJGc3Vic2NyaWJlJTJGcG9zdCUzRnUlM0RmZGY3ZDY1ODExYTEzYzJhZGZjNjM4NTIwJTI2YW1wJTNCaWQlM0QyYWJiYjZhNWQwJTIyJTIwbWV0aG9kJTNEJTIycG9zdCUyMiUyMGlkJTNEJTIybWMtZW1iZWRkZWQtc3Vic2NyaWJlLWZvcm0lMjIlMjBuYW1lJTNEJTIybWMtZW1iZWRkZWQtc3Vic2NyaWJlLWZvcm0lMjIlMjBjbGFzcyUzRCUyMnZhbGlkYXRlJTIyJTIwdGFyZ2V0JTNEJTIyX2JsYW5rJTIyJTIwbm92YWxpZGF0ZSUzRSUwQSUyMCUyMCUyMCUyMCUzQ2RpdiUyMGlkJTNEJTIybWNfZW1iZWRfc2lnbnVwX3Njcm9sbCUyMiUzRSUwQSUzQ2RpdiUyMGNsYXNzJTNEJTIyaW5kaWNhdGVzLXJlcXVpcmVkJTIyJTNFJTNDc3BhbiUyMGNsYXNzJTNEJTIyYXN0ZXJpc2slMjIlM0UlMkElM0MlMkZzcGFuJTNFJTIwcmVxdWlzJTNDJTJGZGl2JTNFJTBBJTNDZGl2JTIwY2xhc3MlM0QlMjJtYy1maWVsZC1ncm91cCUyMiUzRSUwQSUwOSUzQ2xhYmVsJTIwZm9yJTNEJTIybWNlLUVNQUlMJTIyJTNFQ291cnJpZWwlMjAlMjAlM0NzcGFuJTIwY2xhc3MlM0QlMjJhc3RlcmlzayUyMiUzRSUyQSUzQyUyRnNwYW4lM0UlMEElM0MlMkZsYWJlbCUzRSUwQSUwOSUzQ2lucHV0JTIwdHlwZSUzRCUyMmVtYWlsJTIyJTIwdmFsdWUlM0QlMjIlMjIlMjBuYW1lJTNEJTIyRU1BSUwlMjIlMjBjbGFzcyUzRCUyMnJlcXVpcmVkJTIwZW1haWwlMjIlMjBpZCUzRCUyMm1jZS1FTUFJTCUyMiUzRSUwQSUzQyUyRmRpdiUzRSUwQSUzQ2RpdiUyMGNsYXNzJTNEJTIybWMtZmllbGQtZ3JvdXAlMjIlM0UlMEElMDklM0NsYWJlbCUyMGZvciUzRCUyMm1jZS1GTkFNRSUyMiUzRU5vbSUyMCUzQ3NwYW4lMjBjbGFzcyUzRCUyMmFzdGVyaXNrJTIyJTNFJTJBJTNDJTJGc3BhbiUzRSUzQyUyRmxhYmVsJTNFJTIwJTBBJTA5JTNDaW5wdXQlMjB0eXBlJTNEJTIydGV4dCUyMiUyMHZhbHVlJTNEJTIyJTIyJTIwbmFtZSUzRCUyMkZOQU1FJTIyJTIwY2xhc3MlM0QlMjJyZXF1aXJlZCUyMiUyMGlkJTNEJTIybWNlLUZOQU1FJTIyJTNFJTBBJTNDJTJGZGl2JTNFJTBBJTA5JTNDZGl2JTIwaWQlM0QlMjJtY2UtcmVzcG9uc2VzJTIyJTIwY2xhc3MlM0QlMjJjbGVhciUyMiUzRSUwQSUwOSUwOSUzQ2RpdiUyMGNsYXNzJTNEJTIycmVzcG9uc2UlMjIlMjBpZCUzRCUyMm1jZS1lcnJvci1yZXNwb25zZSUyMiUyMHN0eWxlJTNEJTIyZGlzcGxheSUzQW5vbmUlMjIlM0UlM0MlMkZkaXYlM0UlMEElMDklMDklM0NkaXYlMjBjbGFzcyUzRCUyMnJlc3BvbnNlJTIyJTIwaWQlM0QlMjJtY2Utc3VjY2Vzcy1yZXNwb25zZSUyMiUyMHN0eWxlJTNEJTIyZGlzcGxheSUzQW5vbmUlMjIlM0UlM0MlMkZkaXYlM0UlMEElMDklM0MlMkZkaXYlM0UlMjAlMjAlMjAlMjAlM0MlMjEtLSUyMHJlYWwlMjBwZW9wbGUlMjBzaG91bGQlMjBub3QlMjBmaWxsJTIwdGhpcyUyMGluJTIwYW5kJTIwZXhwZWN0JTIwZ29vZCUyMHRoaW5ncyUyMC0lMjBkbyUyMG5vdCUyMHJlbW92ZSUyMHRoaXMlMjBvciUyMHJpc2slMjBmb3JtJTIwYm90JTIwc2lnbnVwcy0tJTNFJTBBJTIwJTIwJTIwJTIwJTNDZGl2JTIwc3R5bGUlM0QlMjJwb3NpdGlvbiUzQSUyMGFic29sdXRlJTNCJTIwbGVmdCUzQSUyMC01MDAwcHglM0IlMjIlMjBhcmlhLWhpZGRlbiUzRCUyMnRydWUlMjIlM0UlM0NpbnB1dCUyMHR5cGUlM0QlMjJ0ZXh0JTIyJTIwbmFtZSUzRCUyMmJfZmRmN2Q2NTgxMWExM2MyYWRmYzYzODUyMF8yYWJiYjZhNWQwJTIyJTIwdGFiaW5kZXglM0QlMjItMSUyMiUyMHZhbHVlJTNEJTIyJTIyJTNFJTNDJTJGZGl2JTNFJTBBJTIwJTIwJTIwJTIwJTNDZGl2JTIwY2xhc3MlM0QlMjJjbGVhciUyMiUzRSUzQ2lucHV0JTIwdHlwZSUzRCUyMnN1Ym1pdCUyMiUyMHZhbHVlJTNEJTIyQWJvbm5lbWVudCUyMiUyMG5hbWUlM0QlMjJBYm9ubmVtZW50JTIyJTIwaWQlM0QlMjJtYy1lbWJlZGRlZC1zdWJzY3JpYmUlMjIlMjBjbGFzcyUzRCUyMmJ1dHRvbiUyMiUzRSUzQyUyRmRpdiUzRSUwQSUyMCUyMCUyMCUyMCUzQyUyRmRpdiUzRSUwQSUzQyUyRmZvcm0lM0UlMEElM0MlMkZkaXYlM0UlMEElM0NzY3JpcHQlMjB0eXBlJTNEJTI3dGV4dCUyRmphdmFzY3JpcHQlMjclMjBzcmMlM0QlMjclMkYlMkZzMy5hbWF6b25hd3MuY29tJTJGZG93bmxvYWRzLm1haWxjaGltcC5jb20lMkZqcyUyRm1jLXZhbGlkYXRlLmpzJTI3JTNFJTNDJTJGc2NyaXB0JTNFJTNDc2NyaXB0JTIwdHlwZSUzRCUyN3RleHQlMkZqYXZhc2NyaXB0JTI3JTNFJTI4ZnVuY3Rpb24lMjglMjQlMjklMjAlN0J3aW5kb3cuZm5hbWVzJTIwJTNEJTIwbmV3JTIwQXJyYXklMjglMjklM0IlMjB3aW5kb3cuZnR5cGVzJTIwJTNEJTIwbmV3JTIwQXJyYXklMjglMjklM0JmbmFtZXMlNUIwJTVEJTNEJTI3RU1BSUwlMjclM0JmdHlwZXMlNUIwJTVEJTNEJTI3ZW1haWwlMjclM0JmbmFtZXMlNUIxJTVEJTNEJTI3Rk5BTUUlMjclM0JmdHlwZXMlNUIxJTVEJTNEJTI3dGV4dCUyNyUzQiUyMCUyRiUyQSUwQSUyMCUyQSUyMFRyYW5zbGF0ZWQlMjBkZWZhdWx0JTIwbWVzc2FnZXMlMjBmb3IlMjB0aGUlMjAlMjQlMjB2YWxpZGF0aW9uJTIwcGx1Z2luLiUwQSUyMCUyQSUyMExvY2FsZSUzQSUyMEZSJTBBJTIwJTJBJTJGJTBBJTI0LmV4dGVuZCUyOCUyNC52YWxpZGF0b3IubWVzc2FnZXMlMkMlMjAlN0IlMEElMjAlMjAlMjAlMjAlMjAlMjAlMjAlMjByZXF1aXJlZCUzQSUyMCUyMkNlJTIwY2hhbXAlMjBlc3QlMjByZXF1aXMuJTIyJTJDJTBBJTIwJTIwJTIwJTIwJTIwJTIwJTIwJTIwcmVtb3RlJTNBJTIwJTIyVmV1aWxsZXolMjByZW1wbGlyJTIwY2UlMjBjaGFtcCUyMHBvdXIlMjBjb250aW51ZXIuJTIyJTJDJTBBJTIwJTIwJTIwJTIwJTIwJTIwJTIwJTIwZW1haWwlM0ElMjAlMjJWZXVpbGxleiUyMGVudHJlciUyMHVuZSUyMGFkcmVzc2UlMjBlbWFpbCUyMHZhbGlkZS4lMjIlMkMlMEElMjAlMjAlMjAlMjAlMjAlMjAlMjAlMjB1cmwlM0ElMjAlMjJWZXVpbGxleiUyMGVudHJlciUyMHVuZSUyMFVSTCUyMHZhbGlkZS4lMjIlMkMlMEElMjAlMjAlMjAlMjAlMjAlMjAlMjAlMjBkYXRlJTNBJTIwJTIyVmV1aWxsZXolMjBlbnRyZXIlMjB1bmUlMjBkYXRlJTIwdmFsaWRlLiUyMiUyQyUwQSUyMCUyMCUyMCUyMCUyMCUyMCUyMCUyMGRhdGVJU08lM0ElMjAlMjJWZXVpbGxleiUyMGVudHJlciUyMHVuZSUyMGRhdGUlMjB2YWxpZGUlMjAlMjhJU08lMjkuJTIyJTJDJTBBJTIwJTIwJTIwJTIwJTIwJTIwJTIwJTIwbnVtYmVyJTNBJTIwJTIyVmV1aWxsZXolMjBlbnRyZXIlMjB1biUyMG5vbWJyZSUyMHZhbGlkZS4lMjIlMkMlMEElMjAlMjAlMjAlMjAlMjAlMjAlMjAlMjBkaWdpdHMlM0ElMjAlMjJWZXVpbGxleiUyMGVudHJlciUyMCUyOHNldWxlbWVudCUyOSUyMHVuZSUyMHZhbGV1ciUyMG51bSVDMyVBOXJpcXVlLiUyMiUyQyUwQSUyMCUyMCUyMCUyMCUyMCUyMCUyMCUyMGNyZWRpdGNhcmQlM0ElMjAlMjJWZXVpbGxleiUyMGVudHJlciUyMHVuJTIwbnVtJUMzJUE5cm8lMjBkZSUyMGNhcnRlJTIwZGUlMjBjciVDMyVBOWRpdCUyMHZhbGlkZS4lMjIlMkMlMEElMjAlMjAlMjAlMjAlMjAlMjAlMjAlMjBlcXVhbFRvJTNBJTIwJTIyVmV1aWxsZXolMjBlbnRyZXIlMjB1bmUlMjBub3V2ZWxsZSUyMGZvaXMlMjBsYSUyMG0lQzMlQUFtZSUyMHZhbGV1ci4lMjIlMkMlMEElMjAlMjAlMjAlMjAlMjAlMjAlMjAlMjBhY2NlcHQlM0ElMjAlMjJWZXVpbGxleiUyMGVudHJlciUyMHVuZSUyMHZhbGV1ciUyMGF2ZWMlMjB1bmUlMjBleHRlbnNpb24lMjB2YWxpZGUuJTIyJTJDJTBBJTIwJTIwJTIwJTIwJTIwJTIwJTIwJTIwbWF4bGVuZ3RoJTNBJTIwJTI0LnZhbGlkYXRvci5mb3JtYXQlMjglMjJWZXVpbGxleiUyMG5lJTIwcGFzJTIwZW50cmVyJTIwcGx1cyUyMGRlJTIwJTdCMCU3RCUyMGNhcmFjdCVDMyVBOHJlcy4lMjIlMjklMkMlMEElMjAlMjAlMjAlMjAlMjAlMjAlMjAlMjBtaW5sZW5ndGglM0ElMjAlMjQudmFsaWRhdG9yLmZvcm1hdCUyOCUyMlZldWlsbGV6JTIwZW50cmVyJTIwYXUlMjBtb2lucyUyMCU3QjAlN0QlMjBjYXJhY3QlQzMlQThyZXMuJTIyJTI5JTJDJTBBJTIwJTIwJTIwJTIwJTIwJTIwJTIwJTIwcmFuZ2VsZW5ndGglM0ElMjAlMjQudmFsaWRhdG9yLmZvcm1hdCUyOCUyMlZldWlsbGV6JTIwZW50cmVyJTIwZW50cmUlMjAlN0IwJTdEJTIwZXQlMjAlN0IxJTdEJTIwY2FyYWN0JUMzJUE4cmVzLiUyMiUyOSUyQyUwQSUyMCUyMCUyMCUyMCUyMCUyMCUyMCUyMHJhbmdlJTNBJTIwJTI0LnZhbGlkYXRvci5mb3JtYXQlMjglMjJWZXVpbGxleiUyMGVudHJlciUyMHVuZSUyMHZhbGV1ciUyMGVudHJlJTIwJTdCMCU3RCUyMGV0JTIwJTdCMSU3RC4lMjIlMjklMkMlMEElMjAlMjAlMjAlMjAlMjAlMjAlMjAlMjBtYXglM0ElMjAlMjQudmFsaWRhdG9yLmZvcm1hdCUyOCUyMlZldWlsbGV6JTIwZW50cmVyJTIwdW5lJTIwdmFsZXVyJTIwaW5mJUMzJUE5cmlldXJlJTIwb3UlMjAlQzMlQTlnYWxlJTIwJUMzJUEwJTIwJTdCMCU3RC4lMjIlMjklMkMlMEElMjAlMjAlMjAlMjAlMjAlMjAlMjAlMjBtaW4lM0ElMjAlMjQudmFsaWRhdG9yLmZvcm1hdCUyOCUyMlZldWlsbGV6JTIwZW50cmVyJTIwdW5lJTIwdmFsZXVyJTIwc3VwJUMzJUE5cmlldXJlJTIwb3UlMjAlQzMlQTlnYWxlJTIwJUMzJUEwJTIwJTdCMCU3RC4lMjIlMjklMEElN0QlMjklM0IlN0QlMjhqUXVlcnklMjklMjklM0J2YXIlMjAlMjRtY2olMjAlM0QlMjBqUXVlcnkubm9Db25mbGljdCUyOHRydWUlMjklM0IlM0MlMkZzY3JpcHQlM0UlMEElM0MlMjEtLUVuZCUyMG1jX2VtYmVkX3NpZ251cC0tJTNF[\/vc_raw_js][vc_column_text css=\u00a0\u00bb.vc_custom_1467169243435{padding-top: 30px !important;}\u00a0\u00bb]<\/p>\n<h3>Infolettres pr\u00e9c\u00e9dentes :<\/h3>\n<p>[\/vc_column_text][vc_separator type=\u00a0\u00bbnormal\u00a0\u00bb border_style=\u00a0\u00bb\u00a0\u00bb thickness=\u00a0\u00bb1&Prime; down=\u00a0\u00bb10&Prime;][vc_column_text css=\u00a0\u00bb.vc_custom_1466510651092{padding-bottom: 40px !important;}\u00a0\u00bb]#11- Expositions en cours ; \u00c9v\u00e9nements [&#8230;]<\/p>\n<p>&nbsp;<\/p>\n<p>#10- Exposition en cours ; Exposition \u00e0 venir ; D\u00e9couvrez les oeuvres de Alleyn en ligne ; Acquisition d&rsquo;oeuvres ; Parution ; Inspir\u00e9 de&#8230; ; Films [&#8230;]<\/p>\n<p>&nbsp;<\/p>\n<p>#9- Nouvelle parution De jour, de nuit ; Magazine In Words ; Art ; Livre [&#8230;]<\/p>\n<p>&nbsp;<\/p>\n<p>#8- Film ; Livre ; Exposition ; Le blog [&#8230;]<\/p>\n<p>&nbsp;<\/p>\n<p>#7- Publication : Edmund Alleyn ou le d\u00e9tachement de Nancy Huston; Une oeuvre d&rsquo;Edmund Alleyn a \u00e9t\u00e9 retenue par l&rsquo;\u00e9diteur n\u00e9erlandais Nijgh et Van Ditmar; Mus\u00e9e des beaux-arts de Montr\u00e9al; Le blog [&#8230;]<\/p>\n<p>&nbsp;<\/p>\n<p>#6- Nouveau : le blog sur le film L&rsquo;atelier de mon p\u00e8re; Expositions : L&rsquo;Ambigu\u00eft\u00e9 du r\u00e9cit, Aper\u00e7u. Le go\u00fbt d&rsquo;un collectionneur; Nouvelles projections [&#8230;]<\/p>\n<p>&nbsp;<\/p>\n<p>#5- Conf\u00e9rence sur l&rsquo;\u0153uvre d&rsquo;Edmund Alleyn \u00e0 Qu\u00e9bec :: La suite indienne 1962-64 \u00e0 la Galerie Simon Blais ; Parution du catalogue Hommage aux indiens d&rsquo;Am\u00e9rique ; L\u2019atelier de mon p\u00e8re : en nomination aux G\u00e9meaux ; L&rsquo;atelier de mon p\u00e8re de Jennifer Alleyn \u00e0 la Maison de la culture Frontenac [&#8230;]<\/p>\n<p>&nbsp;<\/p>\n<p>#4- L&rsquo;introscaphe au CCA ; Hommage \u00e0 Edmund Alleyn par Michel Goulet \u00e0 la Galerie Simon Blais ; Le DVD de L&rsquo;atelier de mon p\u00e8re disponible en magasins [&#8230;]<\/p>\n<p>&nbsp;<\/p>\n<p>#3- Expositions ; projection de L&rsquo;atelier de mon p\u00e8re ; DVD ; Livres [&#8230;]<\/p>\n<p>&nbsp;<\/p>\n<p>#2- Cin\u00e9ma, librairie et expositions [&#8230;]<\/p>\n<p>&nbsp;<\/p>\n<p>#1- Mise en ligne officielle du site d&rsquo;Edmund Alleyn [&#8230;]<\/p>\n<p>&nbsp;<\/p>\n<p>[\/vc_column_text][\/vc_column][\/vc_row]<\/p>\n","protected":false},"excerpt":{"rendered":"<p>[vc_row row_type=\u00a0\u00bbrow\u00a0\u00bb use_row_as_full_screen_section=\u00a0\u00bbno\u00a0\u00bb type=\u00a0\u00bbfull_width\u00a0\u00bb text_align=\u00a0\u00bbleft\u00a0\u00bb css_animation=\u00a0\u00bb\u00a0\u00bb][vc_column css=\u00a0\u00bb.vc_custom_1466499995513{padding-bottom: 30px !important;}\u00a0\u00bb][vc_column_text] Infolettre [\/vc_column_text][\/vc_column][\/vc_row][vc_row row_type=\u00a0\u00bbrow\u00a0\u00bb use_row_as_full_screen_section=\u00a0\u00bbno\u00a0\u00bb type=\u00a0\u00bbfull_width\u00a0\u00bb text_align=\u00a0\u00bbleft\u00a0\u00bb css_animation=\u00a0\u00bb\u00a0\u00bb css=\u00a0\u00bb.vc_custom_1466499334324{padding-bottom: 20px !important;}\u00a0\u00bb][vc_column][vc_column_text] Recevoir les nouvelles d&rsquo;Edmund Alleyn : [\/vc_column_text][vc_separator type=\u00a0\u00bbnormal\u00a0\u00bb border_style=\u00a0\u00bb\u00a0\u00bb thickness=\u00a0\u00bb1&Prime; down=\u00a0\u00bb10&Prime;][vc_raw_js]JTNDJTIxLS0lMjBCZWdpbiUyME1haWxDaGltcCUyMFNpZ251cCUyMEZvcm0lMjAtLSUzRSUwQSUzQ2xpbmslMjBocmVmJTNEJTIyJTJGJTJGY2RuLWltYWdlcy5tYWlsY2hpbXAuY29tJTJGZW1iZWRjb2RlJTJGY2xhc3NpYy0xMF83LmNzcyUyMiUyMHJlbCUzRCUyMnN0eWxlc2hlZXQlMjIlMjB0eXBlJTNEJTIydGV4dCUyRmNzcyUyMiUzRSUwQSUzQ3N0eWxlJTIwdHlwZSUzRCUyMnRleHQlMkZjc3MlMjIlM0UlMEElMDklMjNtY19lbWJlZF9zaWdudXAlN0JiYWNrZ3JvdW5kJTNBJTIzZmZmJTNCJTIwY2xlYXIlM0FsZWZ0JTNCJTIwZm9udCUzQTE0cHglMjBIZWx2ZXRpY2ElMkNBcmlhbCUyQ3NhbnMtc2VyaWYlM0IlMjAlMjB3aWR0aCUzQTEwMCUyNSUzQiUyMG1heC13aWR0aCUzQTQwMHB4JTNCJTdEJTBBJTA5JTJGJTJBJTIwQWRkJTIweW91ciUyMG93biUyME1haWxDaGltcCUyMGZvcm0lMjBzdHlsZSUyMG92ZXJyaWRlcyUyMGluJTIweW91ciUyMHNpdGUlMjBzdHlsZXNoZWV0JTIwb3IlMjBpbiUyMHRoaXMlMjBzdHlsZSUyMGJsb2NrLiUwQSUwOSUyMCUyMCUyMFdlJTIwcmVjb21tZW5kJTIwbW92aW5nJTIwdGhpcyUyMGJsb2NrJTIwYW5kJTIwdGhlJTIwcHJlY2VkaW5nJTIwQ1NTJTIwbGluayUyMHRvJTIwdGhlJTIwSEVBRCUyMG9mJTIweW91ciUyMEhUTUwlMjBmaWxlLiUyMCUyQSUyRiUwQSUzQyUyRnN0eWxlJTNFJTBBJTNDZGl2JTIwaWQlM0QlMjJtY19lbWJlZF9zaWdudXAlMjIlM0UlMEElM0Nmb3JtJTIwYWN0aW9uJTNEJTIyJTJGJTJGZWRtdW5kYWxsZXluLnVzMTMubGlzdC1tYW5hZ2UuY29tJTJGc3Vic2NyaWJlJTJGcG9zdCUzRnUlM0RmZGY3ZDY1ODExYTEzYzJhZGZjNjM4NTIwJTI2YW1wJTNCaWQlM0QyYWJiYjZhNWQwJTIyJTIwbWV0aG9kJTNEJTIycG9zdCUyMiUyMGlkJTNEJTIybWMtZW1iZWRkZWQtc3Vic2NyaWJlLWZvcm0lMjIlMjBuYW1lJTNEJTIybWMtZW1iZWRkZWQtc3Vic2NyaWJlLWZvcm0lMjIlMjBjbGFzcyUzRCUyMnZhbGlkYXRlJTIyJTIwdGFyZ2V0JTNEJTIyX2JsYW5rJTIyJTIwbm92YWxpZGF0ZSUzRSUwQSUyMCUyMCUyMCUyMCUzQ2RpdiUyMGlkJTNEJTIybWNfZW1iZWRfc2lnbnVwX3Njcm9sbCUyMiUzRSUwQSUzQ2RpdiUyMGNsYXNzJTNEJTIyaW5kaWNhdGVzLXJlcXVpcmVkJTIyJTNFJTNDc3BhbiUyMGNsYXNzJTNEJTIyYXN0ZXJpc2slMjIlM0UlMkElM0MlMkZzcGFuJTNFJTIwcmVxdWlzJTNDJTJGZGl2JTNFJTBBJTNDZGl2JTIwY2xhc3MlM0QlMjJtYy1maWVsZC1ncm91cCUyMiUzRSUwQSUwOSUzQ2xhYmVsJTIwZm9yJTNEJTIybWNlLUVNQUlMJTIyJTNFQ291cnJpZWwlMjAlMjAlM0NzcGFuJTIwY2xhc3MlM0QlMjJhc3RlcmlzayUyMiUzRSUyQSUzQyUyRnNwYW4lM0UlMEElM0MlMkZsYWJlbCUzRSUwQSUwOSUzQ2lucHV0JTIwdHlwZSUzRCUyMmVtYWlsJTIyJTIwdmFsdWUlM0QlMjIlMjIlMjBuYW1lJTNEJTIyRU1BSUwlMjIlMjBjbGFzcyUzRCUyMnJlcXVpcmVkJTIwZW1haWwlMjIlMjBpZCUzRCUyMm1jZS1FTUFJTCUyMiUzRSUwQSUzQyUyRmRpdiUzRSUwQSUzQ2RpdiUyMGNsYXNzJTNEJTIybWMtZmllbGQtZ3JvdXAlMjIlM0UlMEElMDklM0NsYWJlbCUyMGZvciUzRCUyMm1jZS1GTkFNRSUyMiUzRU5vbSUyMCUzQ3NwYW4lMjBjbGFzcyUzRCUyMmFzdGVyaXNrJTIyJTNFJTJBJTNDJTJGc3BhbiUzRSUzQyUyRmxhYmVsJTNFJTIwJTBBJTA5JTNDaW5wdXQlMjB0eXBlJTNEJTIydGV4dCUyMiUyMHZhbHVlJTNEJTIyJTIyJTIwbmFtZSUzRCUyMkZOQU1FJTIyJTIwY2xhc3MlM0QlMjJyZXF1aXJlZCUyMiUyMGlkJTNEJTIybWNlLUZOQU1FJTIyJTNFJTBBJTNDJTJGZGl2JTNFJTBBJTA5JTNDZGl2JTIwaWQlM0QlMjJtY2UtcmVzcG9uc2VzJTIyJTIwY2xhc3MlM0QlMjJjbGVhciUyMiUzRSUwQSUwOSUwOSUzQ2RpdiUyMGNsYXNzJTNEJTIycmVzcG9uc2UlMjIlMjBpZCUzRCUyMm1jZS1lcnJvci1yZXNwb25zZSUyMiUyMHN0eWxlJTNEJTIyZGlzcGxheSUzQW5vbmUlMjIlM0UlM0MlMkZkaXYlM0UlMEElMDklMDklM0NkaXYlMjBjbGFzcyUzRCUyMnJlc3BvbnNlJTIyJTIwaWQlM0QlMjJtY2Utc3VjY2Vzcy1yZXNwb25zZSUyMiUyMHN0eWxlJTNEJTIyZGlzcGxheSUzQW5vbmUlMjIlM0UlM0MlMkZkaXYlM0UlMEElMDklM0MlMkZkaXYlM0UlMjAlMjAlMjAlMjAlM0MlMjEtLSUyMHJlYWwlMjBwZW9wbGUlMjBzaG91bGQlMjBub3QlMjBmaWxsJTIwdGhpcyUyMGluJTIwYW5kJTIwZXhwZWN0JTIwZ29vZCUyMHRoaW5ncyUyMC0lMjBkbyUyMG5vdCUyMHJlbW92ZSUyMHRoaXMlMjBvciUyMHJpc2slMjBmb3JtJTIwYm90JTIwc2lnbnVwcy0tJTNFJTBBJTIwJTIwJTIwJTIwJTNDZGl2JTIwc3R5bGUlM0QlMjJwb3NpdGlvbiUzQSUyMGFic29sdXRlJTNCJTIwbGVmdCUzQSUyMC01MDAwcHglM0IlMjIlMjBhcmlhLWhpZGRlbiUzRCUyMnRydWUlMjIlM0UlM0NpbnB1dCUyMHR5cGUlM0QlMjJ0ZXh0JTIyJTIwbmFtZSUzRCUyMmJfZmRmN2Q2NTgxMWExM2MyYWRmYzYzODUyMF8yYWJiYjZhNWQwJTIyJTIwdGFiaW5kZXglM0QlMjItMSUyMiUyMHZhbHVlJTNEJTIyJTIyJTNFJTNDJTJGZGl2JTNFJTBBJTIwJTIwJTIwJTIwJTNDZGl2JTIwY2xhc3MlM0QlMjJjbGVhciUyMiUzRSUzQ2lucHV0JTIwdHlwZSUzRCUyMnN1Ym1pdCUyMiUyMHZhbHVlJTNEJTIyQWJvbm5lbWVudCUyMiUyMG5hbWUlM0QlMjJBYm9ubmVtZW50JTIyJTIwaWQlM0QlMjJtYy1lbWJlZGRlZC1zdWJzY3JpYmUlMjIlMjBjbGFzcyUzRCUyMmJ1dHRvbiUyMiUzRSUzQyUyRmRpdiUzRSUwQSUyMCUyMCUyMCUyMCUzQyUyRmRpdiUzRSUwQSUzQyUyRmZvcm0lM0UlMEElM0MlMkZkaXYlM0UlMEElM0NzY3JpcHQlMjB0eXBlJTNEJTI3dGV4dCUyRmphdmFzY3JpcHQlMjclMjBzcmMlM0QlMjclMkYlMkZzMy5hbWF6b25hd3MuY29tJTJGZG93bmxvYWRzLm1haWxjaGltcC5jb20lMkZqcyUyRm1jLXZhbGlkYXRlLmpzJTI3JTNFJTNDJTJGc2NyaXB0JTNFJTNDc2NyaXB0JTIwdHlwZSUzRCUyN3RleHQlMkZqYXZhc2NyaXB0JTI3JTNFJTI4ZnVuY3Rpb24lMjglMjQlMjklMjAlN0J3aW5kb3cuZm5hbWVzJTIwJTNEJTIwbmV3JTIwQXJyYXklMjglMjklM0IlMjB3aW5kb3cuZnR5cGVzJTIwJTNEJTIwbmV3JTIwQXJyYXklMjglMjklM0JmbmFtZXMlNUIwJTVEJTNEJTI3RU1BSUwlMjclM0JmdHlwZXMlNUIwJTVEJTNEJTI3ZW1haWwlMjclM0JmbmFtZXMlNUIxJTVEJTNEJTI3Rk5BTUUlMjclM0JmdHlwZXMlNUIxJTVEJTNEJTI3dGV4dCUyNyUzQiUyMCUyRiUyQSUwQSUyMCUyQSUyMFRyYW5zbGF0ZWQlMjBkZWZhdWx0JTIwbWVzc2FnZXMlMjBmb3IlMjB0aGUlMjAlMjQlMjB2YWxpZGF0aW9uJTIwcGx1Z2luLiUwQSUyMCUyQSUyMExvY2FsZSUzQSUyMEZSJTBBJTIwJTJBJTJGJTBBJTI0LmV4dGVuZCUyOCUyNC52YWxpZGF0b3IubWVzc2FnZXMlMkMlMjAlN0IlMEElMjAlMjAlMjAlMjAlMjAlMjAlMjAlMjByZXF1aXJlZCUzQSUyMCUyMkNlJTIwY2hhbXAlMjBlc3QlMjByZXF1aXMuJTIyJTJDJTBBJTIwJTIwJTIwJTIwJTIwJTIwJTIwJTIwcmVtb3RlJTNBJTIwJTIyVmV1aWxsZXolMjByZW1wbGlyJTIwY2UlMjBjaGFtcCUyMHBvdXIlMjBjb250aW51ZXIuJTIyJTJDJTBBJTIwJTIwJTIwJTIwJTIwJTIwJTIwJTIwZW1haWwlM0ElMjAlMjJWZXVpbGxleiUyMGVudHJlciUyMHVuZSUyMGFkcmVzc2UlMjBlbWFpbCUyMHZhbGlkZS4lMjIlMkMlMEElMjAlMjAlMjAlMjAlMjAlMjAlMjAlMjB1cmwlM0ElMjAlMjJWZXVpbGxleiUyMGVudHJlciUyMHVuZSUyMFVSTCUyMHZhbGlkZS4lMjIlMkMlMEElMjAlMjAlMjAlMjAlMjAlMjAlMjAlMjBkYXRlJTNBJTIwJTIyVmV1aWxsZXolMjBlbnRyZXIlMjB1bmUlMjBkYXRlJTIwdmFsaWRlLiUyMiUyQyUwQSUyMCUyMCUyMCUyMCUyMCUyMCUyMCUyMGRhdGVJU08lM0ElMjAlMjJWZXVpbGxleiUyMGVudHJlciUyMHVuZSUyMGRhdGUlMjB2YWxpZGUlMjAlMjhJU08lMjkuJTIyJTJDJTBBJTIwJTIwJTIwJTIwJTIwJTIwJTIwJTIwbnVtYmVyJTNBJTIwJTIyVmV1aWxsZXolMjBlbnRyZXIlMjB1biUyMG5vbWJyZSUyMHZhbGlkZS4lMjIlMkMlMEElMjAlMjAlMjAlMjAlMjAlMjAlMjAlMjBkaWdpdHMlM0ElMjAlMjJWZXVpbGxleiUyMGVudHJlciUyMCUyOHNldWxlbWVudCUyOSUyMHVuZSUyMHZhbGV1ciUyMG51bSVDMyVBOXJpcXVlLiUyMiUyQyUwQSUyMCUyMCUyMCUyMCUyMCUyMCUyMCUyMGNyZWRpdGNhcmQlM0ElMjAlMjJWZXVpbGxleiUyMGVudHJlciUyMHVuJTIwbnVtJUMzJUE5cm8lMjBkZSUyMGNhcnRlJTIwZGUlMjBjciVDMyVBOWRpdCUyMHZhbGlkZS4lMjIlMkMlMEElMjAlMjAlMjAlMjAlMjAlMjAlMjAlMjBlcXVhbFRvJTNBJTIwJTIyVmV1aWxsZXolMjBlbnRyZXIlMjB1bmUlMjBub3V2ZWxsZSUyMGZvaXMlMjBsYSUyMG0lQzMlQUFtZSUyMHZhbGV1ci4lMjIlMkMlMEElMjAlMjAlMjAlMjAlMjAlMjAlMjAlMjBhY2NlcHQlM0ElMjAlMjJWZXVpbGxleiUyMGVudHJlciUyMHVuZSUyMHZhbGV1ciUyMGF2ZWMlMjB1bmUlMjBleHRlbnNpb24lMjB2YWxpZGUuJTIyJTJDJTBBJTIwJTIwJTIwJTIwJTIwJTIwJTIwJTIwbWF4bGVuZ3RoJTNBJTIwJTI0LnZhbGlkYXRvci5mb3JtYXQlMjglMjJWZXVpbGxleiUyMG5lJTIwcGFzJTIwZW50cmVyJTIwcGx1cyUyMGRlJTIwJTdCMCU3RCUyMGNhcmFjdCVDMyVBOHJlcy4lMjIlMjklMkMlMEElMjAlMjAlMjAlMjAlMjAlMjAlMjAlMjBtaW5sZW5ndGglM0ElMjAlMjQudmFsaWRhdG9yLmZvcm1hdCUyOCUyMlZldWlsbGV6JTIwZW50cmVyJTIwYXUlMjBtb2lucyUyMCU3QjAlN0QlMjBjYXJhY3QlQzMlQThyZXMuJTIyJTI5JTJDJTBBJTIwJTIwJTIwJTIwJTIwJTIwJTIwJTIwcmFuZ2VsZW5ndGglM0ElMjAlMjQudmFsaWRhdG9yLmZvcm1hdCUyOCUyMlZldWlsbGV6JTIwZW50cmVyJTIwZW50cmUlMjAlN0IwJTdEJTIwZXQlMjAlN0IxJTdEJTIwY2FyYWN0JUMzJUE4cmVzLiUyMiUyOSUyQyUwQSUyMCUyMCUyMCUyMCUyMCUyMCUyMCUyMHJhbmdlJTNBJTIwJTI0LnZhbGlkYXRvci5mb3JtYXQlMjglMjJWZXVpbGxleiUyMGVudHJlciUyMHVuZSUyMHZhbGV1ciUyMGVudHJlJTIwJTdCMCU3RCUyMGV0JTIwJTdCMSU3RC4lMjIlMjklMkMlMEElMjAlMjAlMjAlMjAlMjAlMjAlMjAlMjBtYXglM0ElMjAlMjQudmFsaWRhdG9yLmZvcm1hdCUyOCUyMlZldWlsbGV6JTIwZW50cmVyJTIwdW5lJTIwdmFsZXVyJTIwaW5mJUMzJUE5cmlldXJlJTIwb3UlMjAlQzMlQTlnYWxlJTIwJUMzJUEwJTIwJTdCMCU3RC4lMjIlMjklMkMlMEElMjAlMjAlMjAlMjAlMjAlMjAlMjAlMjBtaW4lM0ElMjAlMjQudmFsaWRhdG9yLmZvcm1hdCUyOCUyMlZldWlsbGV6JTIwZW50cmVyJTIwdW5lJTIwdmFsZXVyJTIwc3VwJUMzJUE5cmlldXJlJTIwb3UlMjAlQzMlQTlnYWxlJTIwJUMzJUEwJTIwJTdCMCU3RC4lMjIlMjklMEElN0QlMjklM0IlN0QlMjhqUXVlcnklMjklMjklM0J2YXIlMjAlMjRtY2olMjAlM0QlMjBqUXVlcnkubm9Db25mbGljdCUyOHRydWUlMjklM0IlM0MlMkZzY3JpcHQlM0UlMEElM0MlMjEtLUVuZCUyMG1jX2VtYmVkX3NpZ251cC0tJTNF[\/vc_raw_js][vc_column_text css=\u00a0\u00bb.vc_custom_1467169243435{padding-top: 30px !important;}\u00a0\u00bb] Infolettres pr\u00e9c\u00e9dentes : [\/vc_column_text][vc_separator type=\u00a0\u00bbnormal\u00a0\u00bb border_style=\u00a0\u00bb\u00a0\u00bb thickness=\u00a0\u00bb1&Prime; down=\u00a0\u00bb10&Prime;][vc_column_text css=\u00a0\u00bb.vc_custom_1466510651092{padding-bottom: 40px !important;}\u00a0\u00bb]#11- Expositions&#8230;<\/p>\n","protected":false},"author":1,"featured_media":0,"parent":0,"menu_order":52,"comment_status":"closed","ping_status":"closed","template":"","meta":{"footnotes":""},"class_list":["post-21721","page","type-page","status-publish","hentry"],"_links":{"self":[{"href":"http:\/\/edmundalleyn.com\/fr\/wp-json\/wp\/v2\/pages\/21721","targetHints":{"allow":["GET"]}}],"collection":[{"href":"http:\/\/edmundalleyn.com\/fr\/wp-json\/wp\/v2\/pages"}],"about":[{"href":"http:\/\/edmundalleyn.com\/fr\/wp-json\/wp\/v2\/types\/page"}],"author":[{"embeddable":true,"href":"http:\/\/edmundalleyn.com\/fr\/wp-json\/wp\/v2\/users\/1"}],"replies":[{"embeddable":true,"href":"http:\/\/edmundalleyn.com\/fr\/wp-json\/wp\/v2\/comments?post=21721"}],"version-history":[{"count":9,"href":"http:\/\/edmundalleyn.com\/fr\/wp-json\/wp\/v2\/pages\/21721\/revisions"}],"predecessor-version":[{"id":22279,"href":"http:\/\/edmundalleyn.com\/fr\/wp-json\/wp\/v2\/pages\/21721\/revisions\/22279"}],"wp:attachment":[{"href":"http:\/\/edmundalleyn.com\/fr\/wp-json\/wp\/v2\/media?parent=21721"}],"curies":[{"name":"wp","href":"https:\/\/api.w.org\/{rel}","templated":true}]}}