{"id":21672,"date":"2016-06-21T04:22:56","date_gmt":"2016-06-21T08:22:56","guid":{"rendered":"http:\/\/edmundalleyn.com\/fr\/you-have-an-alleyn\/"},"modified":"2026-02-02T16:46:52","modified_gmt":"2026-02-02T21:46:52","slug":"vous-avez-un-alleyn","status":"publish","type":"page","link":"http:\/\/edmundalleyn.com\/fr\/vous-avez-un-alleyn\/","title":{"rendered":"Vous avez un Alleyn ?"},"content":{"rendered":"<p>[vc_row row_type=\u00a0\u00bbrow\u00a0\u00bb use_row_as_full_screen_section=\u00a0\u00bbno\u00a0\u00bb type=\u00a0\u00bbfull_width\u00a0\u00bb text_align=\u00a0\u00bbleft\u00a0\u00bb css_animation=\u00a0\u00bb\u00a0\u00bb][vc_column css=\u00a0\u00bb.vc_custom_1466499995513{padding-bottom: 30px !important;}\u00a0\u00bb][vc_column_text]<\/p>\n<h2>Vous avez un\u00a0Alleyn ?<\/h2>\n<p>[\/vc_column_text][\/vc_column][\/vc_row][vc_row row_type=\u00a0\u00bbrow\u00a0\u00bb use_row_as_full_screen_section=\u00a0\u00bbno\u00a0\u00bb type=\u00a0\u00bbfull_width\u00a0\u00bb text_align=\u00a0\u00bbleft\u00a0\u00bb css_animation=\u00a0\u00bb\u00a0\u00bb css=\u00a0\u00bb.vc_custom_1466499334324{padding-bottom: 20px !important;}\u00a0\u00bb][vc_column][vc_column_text]<\/p>\n<h3>Vous poss\u00e9dez une oeuvre d&rsquo;Edmund Alleyn ?<\/h3>\n<p>[\/vc_column_text][vc_separator type=\u00a0\u00bbnormal\u00a0\u00bb border_style=\u00a0\u00bb\u00a0\u00bb thickness=\u00a0\u00bb1&Prime; down=\u00a0\u00bb10&Prime;][vc_column_text css=\u00a0\u00bb.vc_custom_1466505638953{padding-bottom: 40px !important;}\u00a0\u00bb]Nous pr\u00e9parons un catalogue raisonn\u00e9 de l&rsquo;oeuvre d&rsquo;Alleyn et sommes \u00e0 la recherche de pistes pouvant nous aider \u00e0 retracer une maximum d&rsquo;oeuvres, dispers\u00e9es tant en Am\u00e9rique qu&rsquo;en Europe.<\/p>\n<p>Merci de prendre le temps de <a href=\"mailto:info@edmundalleyn.com\">nous contacter<\/a>, de nous informer, et si vous connaissez quelqu&rsquo;un qui poss\u00e8de une ou plusieurs oeuvres, de faire conna\u00eetre le site\u00a0<a href=\"http:\/\/www.edmundalleyn.com\">www.edmundalleyn.com<\/a>.<\/p>\n<p>[vc_row row_type=\u00a0\u00bbrow\u00a0\u00bb use_row_as_full_screen_section=\u00a0\u00bbno\u00a0\u00bb type=\u00a0\u00bbfull_width\u00a0\u00bb text_align=\u00a0\u00bbleft\u00a0\u00bb css_animation=\u00a0\u00bb\u00a0\u00bb][vc_column css=\u00a0\u00bb.vc_custom_1466499995513{padding-bottom: 30px !important;}\u00a0\u00bb][vc_column_text]<\/p>\n<h3>Vous aimeriez poss\u00e9der une oeuvre d&rsquo;Edmund Alleyn ?<\/h3>\n<p>[\/vc_column_text][vc_separator type=\u00a0\u00bbnormal\u00a0\u00bb border_style=\u00a0\u00bb\u00a0\u00bb thickness=\u00a0\u00bb1&Prime; down=\u00a0\u00bb10&Prime;][vc_column_text css=\u00a0\u00bb.vc_custom_1466505638953{padding-bottom: 40px !important;}\u00a0\u00bb]<\/p>\n<p>Merci de\u00a0<a href=\"mailto:info@edmundalleyn.com\">nous contacter<\/a> pour une liste des oeuvres disponibles.<\/p>\n<p>[\/vc_column_text][\/vc_column][\/vc_row][vc_row row_type=\u00a0\u00bbrow\u00a0\u00bb use_row_as_full_screen_section=\u00a0\u00bbno\u00a0\u00bb type=\u00a0\u00bbfull_width\u00a0\u00bb text_align=\u00a0\u00bbleft\u00a0\u00bb css_animation=\u00a0\u00bb\u00a0\u00bb css=\u00a0\u00bb.vc_custom_1466499334324{padding-bottom: 20px !important;}\u00a0\u00bb][vc_column][vc_separator type=\u00a0\u00bbnormal\u00a0\u00bb border_style=\u00a0\u00bb\u00a0\u00bb thickness=\u00a0\u00bb1&Prime; down=\u00a0\u00bb10&Prime;][vc_column_text][\/vc_column_text][\/vc_column][\/vc_row]<\/p>\n","protected":false},"excerpt":{"rendered":"<p>[vc_row row_type=\u00a0\u00bbrow\u00a0\u00bb use_row_as_full_screen_section=\u00a0\u00bbno\u00a0\u00bb type=\u00a0\u00bbfull_width\u00a0\u00bb text_align=\u00a0\u00bbleft\u00a0\u00bb css_animation=\u00a0\u00bb\u00a0\u00bb][vc_column css=\u00a0\u00bb.vc_custom_1466499995513{padding-bottom: 30px !important;}\u00a0\u00bb][vc_column_text] Vous avez un\u00a0Alleyn ? [\/vc_column_text][\/vc_column][\/vc_row][vc_row row_type=\u00a0\u00bbrow\u00a0\u00bb use_row_as_full_screen_section=\u00a0\u00bbno\u00a0\u00bb type=\u00a0\u00bbfull_width\u00a0\u00bb text_align=\u00a0\u00bbleft\u00a0\u00bb css_animation=\u00a0\u00bb\u00a0\u00bb css=\u00a0\u00bb.vc_custom_1466499334324{padding-bottom: 20px !important;}\u00a0\u00bb][vc_column][vc_column_text] Vous poss\u00e9dez une oeuvre d&rsquo;Edmund Alleyn ? [\/vc_column_text][vc_separator type=\u00a0\u00bbnormal\u00a0\u00bb border_style=\u00a0\u00bb\u00a0\u00bb thickness=\u00a0\u00bb1&Prime; down=\u00a0\u00bb10&Prime;][vc_column_text css=\u00a0\u00bb.vc_custom_1466505638953{padding-bottom: 40px !important;}\u00a0\u00bb]Nous pr\u00e9parons un catalogue raisonn\u00e9 de l&rsquo;oeuvre d&rsquo;Alleyn et&#8230;<\/p>\n","protected":false},"author":1,"featured_media":0,"parent":0,"menu_order":64,"comment_status":"closed","ping_status":"closed","template":"","meta":{"footnotes":""},"class_list":["post-21672","page","type-page","status-publish","hentry"],"_links":{"self":[{"href":"http:\/\/edmundalleyn.com\/fr\/wp-json\/wp\/v2\/pages\/21672","targetHints":{"allow":["GET"]}}],"collection":[{"href":"http:\/\/edmundalleyn.com\/fr\/wp-json\/wp\/v2\/pages"}],"about":[{"href":"http:\/\/edmundalleyn.com\/fr\/wp-json\/wp\/v2\/types\/page"}],"author":[{"embeddable":true,"href":"http:\/\/edmundalleyn.com\/fr\/wp-json\/wp\/v2\/users\/1"}],"replies":[{"embeddable":true,"href":"http:\/\/edmundalleyn.com\/fr\/wp-json\/wp\/v2\/comments?post=21672"}],"version-history":[{"count":9,"href":"http:\/\/edmundalleyn.com\/fr\/wp-json\/wp\/v2\/pages\/21672\/revisions"}],"predecessor-version":[{"id":23271,"href":"http:\/\/edmundalleyn.com\/fr\/wp-json\/wp\/v2\/pages\/21672\/revisions\/23271"}],"wp:attachment":[{"href":"http:\/\/edmundalleyn.com\/fr\/wp-json\/wp\/v2\/media?parent=21672"}],"curies":[{"name":"wp","href":"https:\/\/api.w.org\/{rel}","templated":true}]}}